{"id":172,"date":"2021-06-30T12:32:39","date_gmt":"2021-06-30T10:32:39","guid":{"rendered":"http:\/\/hiddenroom.ch\/mentions-legales\/"},"modified":"2025-12-27T19:21:09","modified_gmt":"2025-12-27T18:21:09","slug":"mentions-legales","status":"publish","type":"page","link":"https:\/\/hiddenroom.ch\/fr\/mentions-legales\/","title":{"rendered":"Mentions l\u00e9gales"},"content":{"rendered":"\t\t<div data-elementor-type=\"wp-page\" data-elementor-id=\"172\" class=\"elementor elementor-172 elementor-54\">\n\t\t\t\t\t\t<section class=\"elementor-section elementor-top-section elementor-element elementor-element-8c5c30e elementor-section-full_width elementor-section-height-min-height elementor-section-height-default elementor-section-items-middle\" data-id=\"8c5c30e\" data-element_type=\"section\" data-settings=\"{&quot;background_background&quot;:&quot;classic&quot;}\">\n\t\t\t\t\t\t<div class=\"elementor-container elementor-column-gap-default\">\n\t\t\t\t\t<div class=\"elementor-column elementor-col-100 elementor-top-column elementor-element elementor-element-5b36cb0\" data-id=\"5b36cb0\" data-element_type=\"column\">\n\t\t\t<div class=\"elementor-widget-wrap\">\n\t\t\t\t\t\t\t<\/div>\n\t\t<\/div>\n\t\t\t\t\t<\/div>\n\t\t<\/section>\n\t\t\t\t<section class=\"elementor-section elementor-top-section elementor-element elementor-element-00d22fd elementor-section-boxed elementor-section-height-default elementor-section-height-default\" data-id=\"00d22fd\" data-element_type=\"section\">\n\t\t\t\t\t\t<div class=\"elementor-container elementor-column-gap-default\">\n\t\t\t\t\t<div class=\"elementor-column elementor-col-100 elementor-top-column elementor-element elementor-element-1a78cc8\" data-id=\"1a78cc8\" data-element_type=\"column\">\n\t\t\t<div class=\"elementor-widget-wrap elementor-element-populated\">\n\t\t\t\t\t\t<div class=\"elementor-element elementor-element-489c224 elementor-widget elementor-widget-heading\" data-id=\"489c224\" data-element_type=\"widget\" data-widget_type=\"heading.default\">\n\t\t\t\t<div class=\"elementor-widget-container\">\n\t\t\t\t\t<h2 class=\"elementor-heading-title elementor-size-default\">Mentions l\u00e9gales<\/h2>\t\t\t\t<\/div>\n\t\t\t\t<\/div>\n\t\t\t\t\t<\/div>\n\t\t<\/div>\n\t\t\t\t\t<\/div>\n\t\t<\/section>\n\t\t\t\t<section class=\"elementor-section elementor-top-section elementor-element elementor-element-bdc2903 elementor-section-boxed elementor-section-height-default elementor-section-height-default\" data-id=\"bdc2903\" data-element_type=\"section\">\n\t\t\t\t\t\t<div class=\"elementor-container elementor-column-gap-default\">\n\t\t\t\t\t<div class=\"elementor-column elementor-col-100 elementor-top-column elementor-element elementor-element-6e6e0b3\" data-id=\"6e6e0b3\" data-element_type=\"column\">\n\t\t\t<div class=\"elementor-widget-wrap elementor-element-populated\">\n\t\t\t\t\t\t<div class=\"elementor-element elementor-element-4cd6b12 elementor-widget elementor-widget-text-editor\" data-id=\"4cd6b12\" data-element_type=\"widget\" data-widget_type=\"text-editor.default\">\n\t\t\t\t<div class=\"elementor-widget-container\">\n\t\t\t\t\t\t\t\t\t<p class=\"font_8\">Fahnen 24 AG<\/p>\n<p class=\"font_8\">Responsable : Wendelin Manser, CEO<\/p>\n<p class=\"font_8\"><span class=\"wixGuard\"><\/span><\/p>\n<p class=\"font_8\">\n<\/p>\t\t\t\t\t\t\t\t<\/div>\n\t\t\t\t<\/div>\n\t\t\t\t\t<\/div>\n\t\t<\/div>\n\t\t\t\t\t<\/div>\n\t\t<\/section>\n\t\t\t\t<section class=\"elementor-section elementor-top-section elementor-element elementor-element-abb0a46 elementor-section-boxed elementor-section-height-default elementor-section-height-default\" data-id=\"abb0a46\" data-element_type=\"section\">\n\t\t\t\t\t\t<div class=\"elementor-container elementor-column-gap-default\">\n\t\t\t\t\t<div class=\"elementor-column elementor-col-100 elementor-top-column elementor-element elementor-element-5c24dda\" data-id=\"5c24dda\" data-element_type=\"column\">\n\t\t\t<div class=\"elementor-widget-wrap elementor-element-populated\">\n\t\t\t\t\t\t<div class=\"elementor-element elementor-element-f0a04df elementor-widget elementor-widget-text-editor\" data-id=\"f0a04df\" data-element_type=\"widget\" data-widget_type=\"text-editor.default\">\n\t\t\t\t<div class=\"elementor-widget-container\">\n\t\t\t\t\t\t\t\t\t<p class=\"font_8\">Fahnen 24 AG<br \/>Hauptstr. 57, CH-9422 Staad<\/p>\t\t\t\t\t\t\t\t<\/div>\n\t\t\t\t<\/div>\n\t\t\t\t\t<\/div>\n\t\t<\/div>\n\t\t\t\t\t<\/div>\n\t\t<\/section>\n\t\t\t\t<section class=\"elementor-section elementor-top-section elementor-element elementor-element-fa3aa2c elementor-section-boxed elementor-section-height-default elementor-section-height-default\" data-id=\"fa3aa2c\" data-element_type=\"section\">\n\t\t\t\t\t\t<div class=\"elementor-container elementor-column-gap-default\">\n\t\t\t\t\t<div class=\"elementor-column elementor-col-100 elementor-top-column elementor-element elementor-element-a250b55\" data-id=\"a250b55\" data-element_type=\"column\">\n\t\t\t<div class=\"elementor-widget-wrap elementor-element-populated\">\n\t\t\t\t\t\t<div class=\"elementor-element elementor-element-8a1c755 elementor-widget elementor-widget-text-editor\" data-id=\"8a1c755\" data-element_type=\"widget\" data-widget_type=\"text-editor.default\">\n\t\t\t\t<div class=\"elementor-widget-container\">\n\t\t\t\t\t\t\t\t\t<p class=\"font_8\"><a href=\"http:\/\/hiddenroom.ch\/?page_id=54\">Mentions l\u00e9gales<\/a><\/p>\n\t\t\t\t\t\t\t\t<\/div>\n\t\t\t\t<\/div>\n\t\t\t\t\t<\/div>\n\t\t<\/div>\n\t\t\t\t\t<\/div>\n\t\t<\/section>\n\t\t\t\t<\/div>\n\t\t","protected":false},"excerpt":{"rendered":"<p>Mentions l\u00e9gales Fahnen 24 AG Responsable : Wendelin Manser, CEO Fahnen 24 AGHauptstr. 57, CH-9422 Staad Mentions l\u00e9gales<\/p>\n","protected":false},"author":1,"featured_media":0,"parent":0,"menu_order":0,"comment_status":"closed","ping_status":"closed","template":"elementor_header_footer","meta":{"footnotes":""},"class_list":["post-172","page","type-page","status-publish","hentry","entry"],"yoast_head":"<!-- This site is optimized with the Yoast SEO plugin v24.7 - https:\/\/yoast.com\/wordpress\/plugins\/seo\/ -->\n<title>Mentions l\u00e9gales - The Hidden Room<\/title>\n<meta name=\"robots\" content=\"index, follow, max-snippet:-1, max-image-preview:large, max-video-preview:-1\" \/>\n<link rel=\"canonical\" href=\"https:\/\/hiddenroom.ch\/fr\/mentions-legales\/\" \/>\n<meta property=\"og:locale\" content=\"fr_FR\" \/>\n<meta property=\"og:type\" content=\"article\" \/>\n<meta property=\"og:title\" content=\"Mentions l\u00e9gales - The Hidden Room\" \/>\n<meta property=\"og:description\" content=\"Mentions l\u00e9gales Fahnen 24 AG Responsable : Wendelin Manser, CEO Fahnen 24 AGHauptstr. 57, CH-9422 Staad Mentions l\u00e9gales\" \/>\n<meta property=\"og:url\" content=\"https:\/\/hiddenroom.ch\/fr\/mentions-legales\/\" \/>\n<meta property=\"og:site_name\" content=\"The Hidden Room\" \/>\n<meta property=\"article:modified_time\" content=\"2025-12-27T18:21:09+00:00\" \/>\n<meta name=\"twitter:card\" content=\"summary_large_image\" \/>\n<meta name=\"twitter:label1\" content=\"Dur\u00e9e de lecture estim\u00e9e\" \/>\n\t<meta name=\"twitter:data1\" content=\"1 minute\" \/>\n<script type=\"application\/ld+json\" class=\"yoast-schema-graph\">{\"@context\":\"https:\/\/schema.org\",\"@graph\":[{\"@type\":\"WebPage\",\"@id\":\"https:\/\/hiddenroom.ch\/fr\/mentions-legales\/\",\"url\":\"https:\/\/hiddenroom.ch\/fr\/mentions-legales\/\",\"name\":\"Mentions l\u00e9gales - The Hidden Room\",\"isPartOf\":{\"@id\":\"https:\/\/hiddenroom.ch\/fr\/#website\"},\"datePublished\":\"2021-06-30T10:32:39+00:00\",\"dateModified\":\"2025-12-27T18:21:09+00:00\",\"breadcrumb\":{\"@id\":\"https:\/\/hiddenroom.ch\/fr\/mentions-legales\/#breadcrumb\"},\"inLanguage\":\"fr-FR\",\"potentialAction\":[{\"@type\":\"ReadAction\",\"target\":[\"https:\/\/hiddenroom.ch\/fr\/mentions-legales\/\"]}]},{\"@type\":\"BreadcrumbList\",\"@id\":\"https:\/\/hiddenroom.ch\/fr\/mentions-legales\/#breadcrumb\",\"itemListElement\":[{\"@type\":\"ListItem\",\"position\":1,\"name\":\"Startseite\",\"item\":\"https:\/\/hiddenroom.ch\/fr\/\"},{\"@type\":\"ListItem\",\"position\":2,\"name\":\"Mentions l\u00e9gales\"}]},{\"@type\":\"WebSite\",\"@id\":\"https:\/\/hiddenroom.ch\/fr\/#website\",\"url\":\"https:\/\/hiddenroom.ch\/fr\/\",\"name\":\"The Hidden Room\",\"description\":\"Design trifft auf Technik\",\"publisher\":{\"@id\":\"https:\/\/hiddenroom.ch\/fr\/#organization\"},\"potentialAction\":[{\"@type\":\"SearchAction\",\"target\":{\"@type\":\"EntryPoint\",\"urlTemplate\":\"https:\/\/hiddenroom.ch\/fr\/?s={search_term_string}\"},\"query-input\":{\"@type\":\"PropertyValueSpecification\",\"valueRequired\":true,\"valueName\":\"search_term_string\"}}],\"inLanguage\":\"fr-FR\"},{\"@type\":\"Organization\",\"@id\":\"https:\/\/hiddenroom.ch\/fr\/#organization\",\"name\":\"The Hidden Room\",\"url\":\"https:\/\/hiddenroom.ch\/fr\/\",\"logo\":{\"@type\":\"ImageObject\",\"inLanguage\":\"fr-FR\",\"@id\":\"https:\/\/hiddenroom.ch\/fr\/#\/schema\/logo\/image\/\",\"url\":\"https:\/\/hiddenroom.ch\/wp-content\/uploads\/2021\/07\/Logo_HIDDENROOM_neg.png\",\"contentUrl\":\"https:\/\/hiddenroom.ch\/wp-content\/uploads\/2021\/07\/Logo_HIDDENROOM_neg.png\",\"width\":441,\"height\":277,\"caption\":\"The Hidden Room\"},\"image\":{\"@id\":\"https:\/\/hiddenroom.ch\/fr\/#\/schema\/logo\/image\/\"}}]}<\/script>\n<!-- \/ Yoast SEO plugin. -->","yoast_head_json":{"title":"Mentions l\u00e9gales - The Hidden Room","robots":{"index":"index","follow":"follow","max-snippet":"max-snippet:-1","max-image-preview":"max-image-preview:large","max-video-preview":"max-video-preview:-1"},"canonical":"https:\/\/hiddenroom.ch\/fr\/mentions-legales\/","og_locale":"fr_FR","og_type":"article","og_title":"Mentions l\u00e9gales - The Hidden Room","og_description":"Mentions l\u00e9gales Fahnen 24 AG Responsable : Wendelin Manser, CEO Fahnen 24 AGHauptstr. 57, CH-9422 Staad Mentions l\u00e9gales","og_url":"https:\/\/hiddenroom.ch\/fr\/mentions-legales\/","og_site_name":"The Hidden Room","article_modified_time":"2025-12-27T18:21:09+00:00","twitter_card":"summary_large_image","twitter_misc":{"Dur\u00e9e de lecture estim\u00e9e":"1 minute"},"schema":{"@context":"https:\/\/schema.org","@graph":[{"@type":"WebPage","@id":"https:\/\/hiddenroom.ch\/fr\/mentions-legales\/","url":"https:\/\/hiddenroom.ch\/fr\/mentions-legales\/","name":"Mentions l\u00e9gales - The Hidden Room","isPartOf":{"@id":"https:\/\/hiddenroom.ch\/fr\/#website"},"datePublished":"2021-06-30T10:32:39+00:00","dateModified":"2025-12-27T18:21:09+00:00","breadcrumb":{"@id":"https:\/\/hiddenroom.ch\/fr\/mentions-legales\/#breadcrumb"},"inLanguage":"fr-FR","potentialAction":[{"@type":"ReadAction","target":["https:\/\/hiddenroom.ch\/fr\/mentions-legales\/"]}]},{"@type":"BreadcrumbList","@id":"https:\/\/hiddenroom.ch\/fr\/mentions-legales\/#breadcrumb","itemListElement":[{"@type":"ListItem","position":1,"name":"Startseite","item":"https:\/\/hiddenroom.ch\/fr\/"},{"@type":"ListItem","position":2,"name":"Mentions l\u00e9gales"}]},{"@type":"WebSite","@id":"https:\/\/hiddenroom.ch\/fr\/#website","url":"https:\/\/hiddenroom.ch\/fr\/","name":"The Hidden Room","description":"Design trifft auf Technik","publisher":{"@id":"https:\/\/hiddenroom.ch\/fr\/#organization"},"potentialAction":[{"@type":"SearchAction","target":{"@type":"EntryPoint","urlTemplate":"https:\/\/hiddenroom.ch\/fr\/?s={search_term_string}"},"query-input":{"@type":"PropertyValueSpecification","valueRequired":true,"valueName":"search_term_string"}}],"inLanguage":"fr-FR"},{"@type":"Organization","@id":"https:\/\/hiddenroom.ch\/fr\/#organization","name":"The Hidden Room","url":"https:\/\/hiddenroom.ch\/fr\/","logo":{"@type":"ImageObject","inLanguage":"fr-FR","@id":"https:\/\/hiddenroom.ch\/fr\/#\/schema\/logo\/image\/","url":"https:\/\/hiddenroom.ch\/wp-content\/uploads\/2021\/07\/Logo_HIDDENROOM_neg.png","contentUrl":"https:\/\/hiddenroom.ch\/wp-content\/uploads\/2021\/07\/Logo_HIDDENROOM_neg.png","width":441,"height":277,"caption":"The Hidden Room"},"image":{"@id":"https:\/\/hiddenroom.ch\/fr\/#\/schema\/logo\/image\/"}}]}},"_links":{"self":[{"href":"https:\/\/hiddenroom.ch\/fr\/wp-json\/wp\/v2\/pages\/172","targetHints":{"allow":["GET"]}}],"collection":[{"href":"https:\/\/hiddenroom.ch\/fr\/wp-json\/wp\/v2\/pages"}],"about":[{"href":"https:\/\/hiddenroom.ch\/fr\/wp-json\/wp\/v2\/types\/page"}],"author":[{"embeddable":true,"href":"https:\/\/hiddenroom.ch\/fr\/wp-json\/wp\/v2\/users\/1"}],"replies":[{"embeddable":true,"href":"https:\/\/hiddenroom.ch\/fr\/wp-json\/wp\/v2\/comments?post=172"}],"version-history":[{"count":10,"href":"https:\/\/hiddenroom.ch\/fr\/wp-json\/wp\/v2\/pages\/172\/revisions"}],"predecessor-version":[{"id":316,"href":"https:\/\/hiddenroom.ch\/fr\/wp-json\/wp\/v2\/pages\/172\/revisions\/316"}],"wp:attachment":[{"href":"https:\/\/hiddenroom.ch\/fr\/wp-json\/wp\/v2\/media?parent=172"}],"curies":[{"name":"wp","href":"https:\/\/api.w.org\/{rel}","templated":true}]}}